{"id":6885,"date":"2021-03-19T13:06:26","date_gmt":"2021-03-19T13:06:26","guid":{"rendered":"https:\/\/promo-house.eu\/contact\/"},"modified":"2025-05-16T12:51:32","modified_gmt":"2025-05-16T12:51:32","slug":"contact","status":"publish","type":"page","link":"https:\/\/promo-house.eu\/en\/contact\/","title":{"rendered":"Contact"},"content":{"rendered":"\t\t<div data-elementor-type=\"wp-page\" data-elementor-id=\"6885\" class=\"elementor elementor-6885 elementor-5509\" data-elementor-settings=\"[]\">\n\t\t\t\t\t\t<div class=\"elementor-inner\">\n\t\t\t\t\t\t\t<div class=\"elementor-section-wrap\">\n\t\t\t\t\t\t\t<section class=\"elementor-section elementor-top-section elementor-element elementor-element-08ce6ec elementor-section-boxed elementor-section-height-default elementor-section-height-default\" data-id=\"08ce6ec\" data-element_type=\"section\">\n\t\t\t\t\t\t<div class=\"elementor-container elementor-column-gap-default\">\n\t\t\t\t\t\t\t<div class=\"elementor-row\">\n\t\t\t\t\t<div class=\"elementor-column elementor-col-100 elementor-top-column elementor-element elementor-element-2e13db9\" data-id=\"2e13db9\" data-element_type=\"column\">\n\t\t\t<div class=\"elementor-column-wrap elementor-element-populated\">\n\t\t\t\t\t\t\t<div class=\"elementor-widget-wrap\">\n\t\t\t\t\t\t<section class=\"elementor-section elementor-inner-section elementor-element elementor-element-bda6c53 elementor-section-boxed elementor-section-height-default elementor-section-height-default\" data-id=\"bda6c53\" data-element_type=\"section\">\n\t\t\t\t\t\t<div class=\"elementor-container elementor-column-gap-wider\">\n\t\t\t\t\t\t\t<div class=\"elementor-row\">\n\t\t\t\t\t<div class=\"elementor-column elementor-col-50 elementor-inner-column elementor-element elementor-element-c8c8f72\" data-id=\"c8c8f72\" data-element_type=\"column\">\n\t\t\t<div class=\"elementor-column-wrap elementor-element-populated\">\n\t\t\t\t\t\t\t<div class=\"elementor-widget-wrap\">\n\t\t\t\t\t\t<div class=\"elementor-element elementor-element-532624d elementor-hidden-desktop elementor-hidden-tablet elementor-hidden-phone elementor-view-default elementor-position-top elementor-vertical-align-top elementor-widget elementor-widget-icon-box\" data-id=\"532624d\" data-element_type=\"widget\" data-widget_type=\"icon-box.default\">\n\t\t\t\t<div class=\"elementor-widget-container\">\n\t\t\t\t\t<div class=\"elementor-icon-box-wrapper\">\n\t\t\t\t\t\t<div class=\"elementor-icon-box-icon\">\n\t\t\t\t<a class=\"elementor-icon elementor-animation-grow\" href=\"https:\/\/goo.gl\/maps\/LpnWCpkvq98A5Kt36\">\n\t\t\t\t<i aria-hidden=\"true\" class=\"fas fa-map-marker-alt\"><\/i>\t\t\t\t<\/a>\n\t\t\t<\/div>\n\t\t\t\t\t\t<div class=\"elementor-icon-box-content\">\n\t\t\t\t<h3 class=\"elementor-icon-box-title\">\n\t\t\t\t\t<a href=\"https:\/\/goo.gl\/maps\/LpnWCpkvq98A5Kt36\">Prague<\/a>\n\t\t\t\t<\/h3>\n\t\t\t\t\t\t\t\t<p class=\"elementor-icon-box-description\">Promo House s. r. o.<br>\n\n<a style=\"color:black;\" href =\"https:\/\/goo.gl\/maps\/LpnWCpkvq98A5Kt36\">Vinohradsk\u00e1 2828\/151, \n130 00  Praha 3, <br>Atrium Flora, Budova C\n<\/a>\n<br>\n<a style=href=\"tel:+420771233674\">\ntel.: +420 771 233 674<\/a><br\/>\n<a \"href=\"mailto: info@promo-house.eu\">\ne-mail:  info@promo-house.eu\n<\/a> <\/p>\n\t\t\t\t\t\t\t<\/div>\n\t\t<\/div>\n\t\t\t\t<\/div>\n\t\t\t\t<\/div>\n\t\t\t\t<div class=\"elementor-element elementor-element-4c31bda elementor-view-default elementor-position-top elementor-vertical-align-top elementor-widget elementor-widget-icon-box\" data-id=\"4c31bda\" data-element_type=\"widget\" data-widget_type=\"icon-box.default\">\n\t\t\t\t<div class=\"elementor-widget-container\">\n\t\t\t\t\t<div class=\"elementor-icon-box-wrapper\">\n\t\t\t\t\t\t<div class=\"elementor-icon-box-icon\">\n\t\t\t\t<a class=\"elementor-icon elementor-animation-grow\" href=\"https:\/\/goo.gl\/maps\/LpnWCpkvq98A5Kt36\">\n\t\t\t\t<i aria-hidden=\"true\" class=\"fas fa-map-marker-alt\"><\/i>\t\t\t\t<\/a>\n\t\t\t<\/div>\n\t\t\t\t\t\t<div class=\"elementor-icon-box-content\">\n\t\t\t\t<h3 class=\"elementor-icon-box-title\">\n\t\t\t\t\t<a href=\"https:\/\/goo.gl\/maps\/LpnWCpkvq98A5Kt36\">Prague<\/a>\n\t\t\t\t<\/h3>\n\t\t\t\t\t\t\t\t<p class=\"elementor-icon-box-description\">Promo House s. r. o.<br>\n\n<a style=\"color:black;\" href =\"https:\/\/goo.gl\/maps\/LpnWCpkvq98A5Kt36\">Vinohradsk\u00e1 2828\/151, \n130 00  Praha 3, <br>Atrium Flora, Budova C\n<\/a>\n<br>\n<a style=href=\"tel:+420771233674\">\ntel.: +420 771 233 674<\/a><br\/>\n<a \"href=\"mailto: info@promo-house.eu\">\ne-mail:  info@promo-house.eu\n<\/a> <\/p>\n\t\t\t\t\t\t\t<\/div>\n\t\t<\/div>\n\t\t\t\t<\/div>\n\t\t\t\t<\/div>\n\t\t\t\t<div class=\"elementor-element elementor-element-daadd98 elementor-hidden-desktop elementor-hidden-tablet elementor-hidden-phone elementor-view-default elementor-position-top elementor-vertical-align-top elementor-widget elementor-widget-icon-box\" data-id=\"daadd98\" data-element_type=\"widget\" data-widget_type=\"icon-box.default\">\n\t\t\t\t<div class=\"elementor-widget-container\">\n\t\t\t\t\t<div class=\"elementor-icon-box-wrapper\">\n\t\t\t\t\t\t<div class=\"elementor-icon-box-icon\">\n\t\t\t\t<a class=\"elementor-icon elementor-animation-grow\" href=\"https:\/\/goo.gl\/maps\/azrkddaa3oHmUm1v8\">\n\t\t\t\t<i aria-hidden=\"true\" class=\"fas fa-map-marker-alt\"><\/i>\t\t\t\t<\/a>\n\t\t\t<\/div>\n\t\t\t\t\t\t<div class=\"elementor-icon-box-content\">\n\t\t\t\t<h3 class=\"elementor-icon-box-title\">\n\t\t\t\t\t<a href=\"https:\/\/goo.gl\/maps\/azrkddaa3oHmUm1v8\">Bratislava<\/a>\n\t\t\t\t<\/h3>\n\t\t\t\t\t\t\t\t<p class=\"elementor-icon-box-description\">Sales House SK s. r. o <br\/>\n\n<a style=\"color:black;\"href =\"https:\/\/maps.app.goo.gl\/LpvYqsoK5LqHSALd9\">Regus GBC III, <br>Galvaniho 15\/A, <br>Bratislava, 821 04\n\n<\/a><br\/>\n\n<a href=\"mailto:info@saleshouse.sk\">\ne-mail: info@saleshouse.sk\n<\/a> <\/p>\n\t\t\t\t\t\t\t<\/div>\n\t\t<\/div>\n\t\t\t\t<\/div>\n\t\t\t\t<\/div>\n\t\t\t\t<div class=\"elementor-element elementor-element-4549afa elementor-view-default elementor-position-top elementor-vertical-align-top elementor-widget elementor-widget-icon-box\" data-id=\"4549afa\" data-element_type=\"widget\" data-widget_type=\"icon-box.default\">\n\t\t\t\t<div class=\"elementor-widget-container\">\n\t\t\t\t\t<div class=\"elementor-icon-box-wrapper\">\n\t\t\t\t\t\t<div class=\"elementor-icon-box-icon\">\n\t\t\t\t<a class=\"elementor-icon elementor-animation-grow\" href=\"https:\/\/goo.gl\/maps\/azrkddaa3oHmUm1v8\">\n\t\t\t\t<i aria-hidden=\"true\" class=\"fas fa-map-marker-alt\"><\/i>\t\t\t\t<\/a>\n\t\t\t<\/div>\n\t\t\t\t\t\t<div class=\"elementor-icon-box-content\">\n\t\t\t\t<h3 class=\"elementor-icon-box-title\">\n\t\t\t\t\t<a href=\"https:\/\/goo.gl\/maps\/azrkddaa3oHmUm1v8\">Bratislava<\/a>\n\t\t\t\t<\/h3>\n\t\t\t\t\t\t\t\t<p class=\"elementor-icon-box-description\">Sales House SK s. r. o <br\/>\n\n<a style=\"color:black;\"href =\"https:\/\/maps.app.goo.gl\/LpvYqsoK5LqHSALd9\">Regus GBC III, <br>Galvaniho 15\/A, <br>Bratislava, 821 04\n\n<\/a><br\/>\n\n<a href=\"mailto:info@saleshouse.sk\">\ne-mail: info@saleshouse.sk\n<\/a> <\/p>\n\t\t\t\t\t\t\t<\/div>\n\t\t<\/div>\n\t\t\t\t<\/div>\n\t\t\t\t<\/div>\n\t\t\t\t\t\t<\/div>\n\t\t\t\t\t<\/div>\n\t\t<\/div>\n\t\t\t\t<div class=\"elementor-column elementor-col-50 elementor-inner-column elementor-element elementor-element-5184a57\" data-id=\"5184a57\" data-element_type=\"column\">\n\t\t\t<div class=\"elementor-column-wrap elementor-element-populated\">\n\t\t\t\t\t\t\t<div class=\"elementor-widget-wrap\">\n\t\t\t\t\t\t<div class=\"elementor-element elementor-element-0326e46 elementor-widget elementor-widget-heading\" data-id=\"0326e46\" data-element_type=\"widget\" data-widget_type=\"heading.default\">\n\t\t\t\t<div class=\"elementor-widget-container\">\n\t\t\t<h2 class=\"elementor-heading-title elementor-size-default\">Contact us<\/h2>\t\t<\/div>\n\t\t\t\t<\/div>\n\t\t\t\t<div class=\"elementor-element elementor-element-44ce222 elementor-widget elementor-widget-spacer\" data-id=\"44ce222\" data-element_type=\"widget\" data-widget_type=\"spacer.default\">\n\t\t\t\t<div class=\"elementor-widget-container\">\n\t\t\t\t\t<div class=\"elementor-spacer\">\n\t\t\t<div class=\"elementor-spacer-inner\"><\/div>\n\t\t<\/div>\n\t\t\t\t<\/div>\n\t\t\t\t<\/div>\n\t\t\t\t<div class=\"elementor-element elementor-element-bbc019f elementor-widget elementor-widget-text-editor\" data-id=\"bbc019f\" data-element_type=\"widget\" data-widget_type=\"text-editor.default\">\n\t\t\t\t<div class=\"elementor-widget-container\">\n\t\t\t\t\t<div class=\"elementor-text-editor elementor-clearfix\"><span style=\"font-weight: 400;\">We will be happy to provide you with more information, answer your questions and create solutions for your needs.<\/span><\/div>\n\t\t\t\t<\/div>\n\t\t\t\t<\/div>\n\t\t\t\t<div class=\"elementor-element elementor-element-493fdbe elementor-button-align-stretch elementor-widget elementor-widget-form\" data-id=\"493fdbe\" data-element_type=\"widget\" data-settings=\"{&quot;button_width&quot;:&quot;20&quot;,&quot;step_next_label&quot;:&quot;Next&quot;,&quot;step_previous_label&quot;:&quot;Previous&quot;,&quot;step_type&quot;:&quot;number_text&quot;,&quot;step_icon_shape&quot;:&quot;circle&quot;}\" data-widget_type=\"form.default\">\n\t\t\t\t<div class=\"elementor-widget-container\">\n\t\t\t\t\t<form class=\"elementor-form\" method=\"post\" name=\"New Form\">\n\t\t\t<input type=\"hidden\" name=\"post_id\" value=\"6885\"\/>\n\t\t\t<input type=\"hidden\" name=\"form_id\" value=\"493fdbe\"\/>\n\t\t\t<input type=\"hidden\" name=\"referer_title\" value=\"Promo House\" \/>\n\n\t\t\t\n\t\t\t<div class=\"elementor-form-fields-wrapper elementor-labels-above\">\n\t\t\t\t\t\t\t\t<div class=\"elementor-field-type-text elementor-field-group elementor-column elementor-field-group-name elementor-col-100 elementor-field-required elementor-mark-required\">\n\t\t\t\t\t<label for=\"form-field-name\" class=\"elementor-field-label\">Your Name<\/label><input size=\"1\" type=\"text\" name=\"form_fields[name]\" id=\"form-field-name\" class=\"elementor-field elementor-size-sm  elementor-field-textual\" required=\"required\" aria-required=\"true\">\t\t\t\t<\/div>\n\t\t\t\t\t\t\t\t<div class=\"elementor-field-type-email elementor-field-group elementor-column elementor-field-group-field_a11f5db elementor-col-100 elementor-field-required elementor-mark-required\">\n\t\t\t\t\t<label for=\"form-field-field_a11f5db\" class=\"elementor-field-label\">Your Mail<\/label><input size=\"1\" type=\"email\" name=\"form_fields[field_a11f5db]\" id=\"form-field-field_a11f5db\" class=\"elementor-field elementor-size-sm  elementor-field-textual\" required=\"required\" aria-required=\"true\">\t\t\t\t<\/div>\n\t\t\t\t\t\t\t\t<div class=\"elementor-field-type-text elementor-field-group elementor-column elementor-field-group-email elementor-col-100\">\n\t\t\t\t\t<label for=\"form-field-email\" class=\"elementor-field-label\">Subject<\/label><input size=\"1\" type=\"text\" name=\"form_fields[email]\" id=\"form-field-email\" class=\"elementor-field elementor-size-sm  elementor-field-textual\">\t\t\t\t<\/div>\n\t\t\t\t\t\t\t\t<div class=\"elementor-field-type-textarea elementor-field-group elementor-column elementor-field-group-message elementor-col-100 elementor-field-required elementor-mark-required\">\n\t\t\t\t\t<label for=\"form-field-message\" class=\"elementor-field-label\">Your Message<\/label><textarea class=\"elementor-field-textual elementor-field  elementor-size-sm\" name=\"form_fields[message]\" id=\"form-field-message\" rows=\"4\" required=\"required\" aria-required=\"true\"><\/textarea>\t\t\t\t<\/div>\n\t\t\t\t\t\t\t\t<div class=\"elementor-field-type-acceptance elementor-field-group elementor-column elementor-field-group-field_c552a42 elementor-col-100\">\n\t\t\t\t\t<div class=\"elementor-field-subgroup\"><span class=\"elementor-field-option\"><input type=\"checkbox\" name=\"form_fields[field_c552a42]\" id=\"form-field-field_c552a42\" class=\"elementor-field elementor-size-sm  elementor-acceptance-field\"> <label for=\"form-field-field_c552a42\">I agree to the processing <a href=\"\/en\/gdpr\/\">of personal data<span style=\"color:#FF0000\"> *<\/span><\/a><br\/><\/label><\/span><\/div>\t\t\t\t<\/div>\n\t\t\t\t\t\t\t\t<div class=\"elementor-field-type-text\">\n\t\t\t\t\t<input size=\"1\" type=\"text\" name=\"form_fields[field_5e44534]\" id=\"form-field-field_5e44534\" class=\"elementor-field elementor-size-sm \" style=\"display:none !important;\">\t\t\t\t<\/div>\n\t\t\t\t\t\t\t\t<div class=\"elementor-field-type-recaptcha_v3 elementor-field-group elementor-column elementor-field-group-field_b33377b elementor-col-100 recaptcha_v3-bottomright\">\n\t\t\t\t\t<div class=\"elementor-field\" id=\"form-field-field_b33377b\"><div class=\"elementor-g-recaptcha\" data-sitekey=\"6LdTWj0qAAAAAMzwH1kIU21shp5du31dhKZBTQXl\" data-type=\"v3\" data-action=\"Form\" data-badge=\"bottomright\" data-size=\"invisible\"><\/div><\/div>\t\t\t\t<\/div>\n\t\t\t\t\t\t\t\t<div class=\"elementor-field-group elementor-column elementor-field-type-submit elementor-col-20 e-form__buttons\">\n\t\t\t\t\t<button type=\"submit\" class=\"elementor-button elementor-size-sm\">\n\t\t\t\t\t\t<span >\n\t\t\t\t\t\t\t\t\t\t\t\t\t\t\t<span class=\" elementor-button-icon\">\n\t\t\t\t\t\t\t\t\t\t\t\t\t\t\t\t\t\t\t\t\t\t\t\t\t\t<\/span>\n\t\t\t\t\t\t\t\t\t\t\t\t\t\t\t\t\t\t\t\t\t\t<span class=\"elementor-button-text\">Send<\/span>\n\t\t\t\t\t\t\t\t\t\t\t\t\t<\/span>\n\t\t\t\t\t<\/button>\n\t\t\t\t<\/div>\n\t\t\t<\/div>\n\t\t<\/form>\n\t\t\t\t<\/div>\n\t\t\t\t<\/div>\n\t\t\t\t<div class=\"elementor-element elementor-element-e858ee2 elementor-widget elementor-widget-spacer\" data-id=\"e858ee2\" data-element_type=\"widget\" data-widget_type=\"spacer.default\">\n\t\t\t\t<div class=\"elementor-widget-container\">\n\t\t\t\t\t<div class=\"elementor-spacer\">\n\t\t\t<div class=\"elementor-spacer-inner\"><\/div>\n\t\t<\/div>\n\t\t\t\t<\/div>\n\t\t\t\t<\/div>\n\t\t\t\t\t\t<\/div>\n\t\t\t\t\t<\/div>\n\t\t<\/div>\n\t\t\t\t\t\t\t\t<\/div>\n\t\t\t\t\t<\/div>\n\t\t<\/section>\n\t\t\t\t\t\t<\/div>\n\t\t\t\t\t<\/div>\n\t\t<\/div>\n\t\t\t\t\t\t\t\t<\/div>\n\t\t\t\t\t<\/div>\n\t\t<\/section>\n\t\t\t\t<section class=\"elementor-section elementor-top-section elementor-element elementor-element-9dc92ba elementor-section-boxed elementor-section-height-default elementor-section-height-default\" data-id=\"9dc92ba\" data-element_type=\"section\">\n\t\t\t\t\t\t<div class=\"elementor-container elementor-column-gap-default\">\n\t\t\t\t\t\t\t<div class=\"elementor-row\">\n\t\t\t\t\t<div class=\"elementor-column elementor-col-100 elementor-top-column elementor-element elementor-element-7341763\" data-id=\"7341763\" data-element_type=\"column\">\n\t\t\t<div class=\"elementor-column-wrap elementor-element-populated\">\n\t\t\t\t\t\t\t<div class=\"elementor-widget-wrap\">\n\t\t\t\t\t\t<div class=\"elementor-element elementor-element-72b86b3 elementor-widget elementor-widget-image\" data-id=\"72b86b3\" data-element_type=\"widget\" data-widget_type=\"image.default\">\n\t\t\t\t<div class=\"elementor-widget-container\">\n\t\t\t\t\t<div class=\"elementor-image\">\n\t\t\t\t\t\t\t\t\t\t<img width=\"2800\" height=\"272\" src=\"https:\/\/promo-house.eu\/wp-content\/uploads\/2023\/08\/E-Mail-Signature-V03-family-Elements-E-Sig-Supporting-Banner-4X-1.png\" class=\"attachment-full size-full\" alt=\"\" loading=\"lazy\" srcset=\"https:\/\/promo-house.eu\/wp-content\/uploads\/2023\/08\/E-Mail-Signature-V03-family-Elements-E-Sig-Supporting-Banner-4X-1.png 2800w, https:\/\/promo-house.eu\/wp-content\/uploads\/2023\/08\/E-Mail-Signature-V03-family-Elements-E-Sig-Supporting-Banner-4X-1-300x29.png 300w, https:\/\/promo-house.eu\/wp-content\/uploads\/2023\/08\/E-Mail-Signature-V03-family-Elements-E-Sig-Supporting-Banner-4X-1-1024x99.png 1024w, https:\/\/promo-house.eu\/wp-content\/uploads\/2023\/08\/E-Mail-Signature-V03-family-Elements-E-Sig-Supporting-Banner-4X-1-768x75.png 768w, https:\/\/promo-house.eu\/wp-content\/uploads\/2023\/08\/E-Mail-Signature-V03-family-Elements-E-Sig-Supporting-Banner-4X-1-1536x149.png 1536w, https:\/\/promo-house.eu\/wp-content\/uploads\/2023\/08\/E-Mail-Signature-V03-family-Elements-E-Sig-Supporting-Banner-4X-1-2048x199.png 2048w\" sizes=\"(max-width: 2800px) 100vw, 2800px\" \/>\t\t\t\t\t\t\t\t\t\t\t<\/div>\n\t\t\t\t<\/div>\n\t\t\t\t<\/div>\n\t\t\t\t\t\t<\/div>\n\t\t\t\t\t<\/div>\n\t\t<\/div>\n\t\t\t\t\t\t\t\t<\/div>\n\t\t\t\t\t<\/div>\n\t\t<\/section>\n\t\t\t\t\t\t<\/div>\n\t\t\t\t\t\t<\/div>\n\t\t\t\t\t<\/div>\n\t\t","protected":false},"excerpt":{"rendered":"<p>Prague Promo House s. r. o. Vinohradsk\u00e1 2828\/151, 130 00 Praha 3, Atrium Flora, Budova C tel.: +420 771 233 674 e-mail: info@promo-house.eu Bratislava Sales House SK s. r. o Regus GBC III, Galvaniho 15\/A, Bratislava, 821 04 e-mail: info@saleshouse.sk Bratislava Sales House SK s. r. o Regus GBC III, Galvaniho 15\/A, Bratislava, 821 04&hellip;<\/p>\n","protected":false},"author":1,"featured_media":0,"parent":0,"menu_order":0,"comment_status":"closed","ping_status":"closed","template":"elementor_header_footer","meta":[],"yoast_head":"<!-- This site is optimized with the Yoast SEO plugin v19.14 - https:\/\/yoast.com\/wordpress\/plugins\/seo\/ -->\n<title>Contact - Promo House<\/title>\n<meta name=\"description\" content=\"Sales House s. r. o. Vinohradsk\u00e1 2828\/151, 130 00 Praha 3, Sales House SK s. r. o Star\u00e9 Grunty 18 841 04 Bratislava\" \/>\n<meta name=\"robots\" content=\"index, follow, max-snippet:-1, max-image-preview:large, max-video-preview:-1\" \/>\n<link rel=\"canonical\" href=\"https:\/\/promo-house.eu\/en\/contact\/\" \/>\n<meta property=\"og:locale\" content=\"en_US\" \/>\n<meta property=\"og:type\" content=\"article\" \/>\n<meta property=\"og:title\" content=\"Contact - Promo House\" \/>\n<meta property=\"og:description\" content=\"Sales House s. r. o. Vinohradsk\u00e1 2828\/151, 130 00 Praha 3, Sales House SK s. r. o Star\u00e9 Grunty 18 841 04 Bratislava\" \/>\n<meta property=\"og:url\" content=\"https:\/\/promo-house.eu\/en\/contact\/\" \/>\n<meta property=\"og:site_name\" content=\"Promo House\" \/>\n<meta property=\"article:modified_time\" content=\"2025-05-16T12:51:32+00:00\" \/>\n<meta property=\"og:image\" content=\"https:\/\/promo-house.eu\/wp-content\/uploads\/2023\/08\/E-Mail-Signature-V03-family-Elements-E-Sig-Supporting-Banner-4X-1.png\" \/>\n<meta name=\"twitter:card\" content=\"summary_large_image\" \/>\n<meta name=\"twitter:label1\" content=\"Est. reading time\" \/>\n\t<meta name=\"twitter:data1\" content=\"1 minute\" \/>\n<script type=\"application\/ld+json\" class=\"yoast-schema-graph\">{\"@context\":\"https:\/\/schema.org\",\"@graph\":[{\"@type\":\"WebPage\",\"@id\":\"https:\/\/promo-house.eu\/en\/contact\/\",\"url\":\"https:\/\/promo-house.eu\/en\/contact\/\",\"name\":\"Contact - Promo House\",\"isPartOf\":{\"@id\":\"https:\/\/promo-house.eu\/#website\"},\"datePublished\":\"2021-03-19T13:06:26+00:00\",\"dateModified\":\"2025-05-16T12:51:32+00:00\",\"description\":\"Sales House s. r. o. Vinohradsk\u00e1 2828\/151, 130 00 Praha 3, Sales House SK s. r. o Star\u00e9 Grunty 18 841 04 Bratislava\",\"breadcrumb\":{\"@id\":\"https:\/\/promo-house.eu\/en\/contact\/#breadcrumb\"},\"inLanguage\":\"en-US\",\"potentialAction\":[{\"@type\":\"ReadAction\",\"target\":[\"https:\/\/promo-house.eu\/en\/contact\/\"]}]},{\"@type\":\"BreadcrumbList\",\"@id\":\"https:\/\/promo-house.eu\/en\/contact\/#breadcrumb\",\"itemListElement\":[{\"@type\":\"ListItem\",\"position\":1,\"name\":\"Home\",\"item\":\"https:\/\/promo-house.eu\/en\/\"},{\"@type\":\"ListItem\",\"position\":2,\"name\":\"Contact\"}]},{\"@type\":\"WebSite\",\"@id\":\"https:\/\/promo-house.eu\/#website\",\"url\":\"https:\/\/promo-house.eu\/\",\"name\":\"Promo House\",\"description\":\"Pom\u00e1h\u00e1me zna\u010dk\u00e1m prod\u00e1vat v\u0161ude, kde lid\u00e9 nakupuj\u00ed.\",\"publisher\":{\"@id\":\"https:\/\/promo-house.eu\/#organization\"},\"potentialAction\":[{\"@type\":\"SearchAction\",\"target\":{\"@type\":\"EntryPoint\",\"urlTemplate\":\"https:\/\/promo-house.eu\/?s={search_term_string}\"},\"query-input\":\"required name=search_term_string\"}],\"inLanguage\":\"en-US\"},{\"@type\":\"Organization\",\"@id\":\"https:\/\/promo-house.eu\/#organization\",\"name\":\"Promo House\",\"url\":\"https:\/\/promo-house.eu\/\",\"logo\":{\"@type\":\"ImageObject\",\"inLanguage\":\"en-US\",\"@id\":\"https:\/\/promo-house.eu\/#\/schema\/logo\/image\/\",\"url\":\"https:\/\/promo-house.eu\/wp-content\/uploads\/2024\/05\/Promo-House-logo-1-e1716383210386.png\",\"contentUrl\":\"https:\/\/promo-house.eu\/wp-content\/uploads\/2024\/05\/Promo-House-logo-1-e1716383210386.png\",\"width\":432,\"height\":277,\"caption\":\"Promo House\"},\"image\":{\"@id\":\"https:\/\/promo-house.eu\/#\/schema\/logo\/image\/\"}}]}<\/script>\n<!-- \/ Yoast SEO plugin. -->","yoast_head_json":{"title":"Contact - Promo House","description":"Sales House s. r. o. Vinohradsk\u00e1 2828\/151, 130 00 Praha 3, Sales House SK s. r. o Star\u00e9 Grunty 18 841 04 Bratislava","robots":{"index":"index","follow":"follow","max-snippet":"max-snippet:-1","max-image-preview":"max-image-preview:large","max-video-preview":"max-video-preview:-1"},"canonical":"https:\/\/promo-house.eu\/en\/contact\/","og_locale":"en_US","og_type":"article","og_title":"Contact - Promo House","og_description":"Sales House s. r. o. Vinohradsk\u00e1 2828\/151, 130 00 Praha 3, Sales House SK s. r. o Star\u00e9 Grunty 18 841 04 Bratislava","og_url":"https:\/\/promo-house.eu\/en\/contact\/","og_site_name":"Promo House","article_modified_time":"2025-05-16T12:51:32+00:00","og_image":[{"url":"https:\/\/promo-house.eu\/wp-content\/uploads\/2023\/08\/E-Mail-Signature-V03-family-Elements-E-Sig-Supporting-Banner-4X-1.png"}],"twitter_card":"summary_large_image","twitter_misc":{"Est. reading time":"1 minute"},"schema":{"@context":"https:\/\/schema.org","@graph":[{"@type":"WebPage","@id":"https:\/\/promo-house.eu\/en\/contact\/","url":"https:\/\/promo-house.eu\/en\/contact\/","name":"Contact - Promo House","isPartOf":{"@id":"https:\/\/promo-house.eu\/#website"},"datePublished":"2021-03-19T13:06:26+00:00","dateModified":"2025-05-16T12:51:32+00:00","description":"Sales House s. r. o. Vinohradsk\u00e1 2828\/151, 130 00 Praha 3, Sales House SK s. r. o Star\u00e9 Grunty 18 841 04 Bratislava","breadcrumb":{"@id":"https:\/\/promo-house.eu\/en\/contact\/#breadcrumb"},"inLanguage":"en-US","potentialAction":[{"@type":"ReadAction","target":["https:\/\/promo-house.eu\/en\/contact\/"]}]},{"@type":"BreadcrumbList","@id":"https:\/\/promo-house.eu\/en\/contact\/#breadcrumb","itemListElement":[{"@type":"ListItem","position":1,"name":"Home","item":"https:\/\/promo-house.eu\/en\/"},{"@type":"ListItem","position":2,"name":"Contact"}]},{"@type":"WebSite","@id":"https:\/\/promo-house.eu\/#website","url":"https:\/\/promo-house.eu\/","name":"Promo House","description":"Pom\u00e1h\u00e1me zna\u010dk\u00e1m prod\u00e1vat v\u0161ude, kde lid\u00e9 nakupuj\u00ed.","publisher":{"@id":"https:\/\/promo-house.eu\/#organization"},"potentialAction":[{"@type":"SearchAction","target":{"@type":"EntryPoint","urlTemplate":"https:\/\/promo-house.eu\/?s={search_term_string}"},"query-input":"required name=search_term_string"}],"inLanguage":"en-US"},{"@type":"Organization","@id":"https:\/\/promo-house.eu\/#organization","name":"Promo House","url":"https:\/\/promo-house.eu\/","logo":{"@type":"ImageObject","inLanguage":"en-US","@id":"https:\/\/promo-house.eu\/#\/schema\/logo\/image\/","url":"https:\/\/promo-house.eu\/wp-content\/uploads\/2024\/05\/Promo-House-logo-1-e1716383210386.png","contentUrl":"https:\/\/promo-house.eu\/wp-content\/uploads\/2024\/05\/Promo-House-logo-1-e1716383210386.png","width":432,"height":277,"caption":"Promo House"},"image":{"@id":"https:\/\/promo-house.eu\/#\/schema\/logo\/image\/"}}]}},"_links":{"self":[{"href":"https:\/\/promo-house.eu\/en\/wp-json\/wp\/v2\/pages\/6885"}],"collection":[{"href":"https:\/\/promo-house.eu\/en\/wp-json\/wp\/v2\/pages"}],"about":[{"href":"https:\/\/promo-house.eu\/en\/wp-json\/wp\/v2\/types\/page"}],"author":[{"embeddable":true,"href":"https:\/\/promo-house.eu\/en\/wp-json\/wp\/v2\/users\/1"}],"replies":[{"embeddable":true,"href":"https:\/\/promo-house.eu\/en\/wp-json\/wp\/v2\/comments?post=6885"}],"version-history":[{"count":62,"href":"https:\/\/promo-house.eu\/en\/wp-json\/wp\/v2\/pages\/6885\/revisions"}],"predecessor-version":[{"id":9517,"href":"https:\/\/promo-house.eu\/en\/wp-json\/wp\/v2\/pages\/6885\/revisions\/9517"}],"wp:attachment":[{"href":"https:\/\/promo-house.eu\/en\/wp-json\/wp\/v2\/media?parent=6885"}],"curies":[{"name":"wp","href":"https:\/\/api.w.org\/{rel}","templated":true}]}}